{"id":706,"date":"2021-10-16T15:15:12","date_gmt":"2021-10-16T08:15:12","guid":{"rendered":"http:\/\/32555.lamdx.vinawebsite.vn\/gioi-thieu\/"},"modified":"2021-10-20T15:24:40","modified_gmt":"2021-10-20T08:24:40","slug":"about-us","status":"publish","type":"page","link":"https:\/\/etest.vn\/en\/about-us\/","title":{"rendered":"About us"},"content":{"rendered":"<p>C\u00f4ng ty c\u1ed5 ph\u1ea7n Th\u00ed Nghi\u1ec7m \u0110i\u1ec7n Vi\u1ec7t Nam &#8211;\u00a0<strong><span style=\"color: #33cc00;\">E<\/span><span style=\"color: #800080;\">TEST<\/span>\u00a0<\/strong>l\u00e0 \u0111\u01a1n v\u1ecb ho\u1ea1t \u0111\u1ed9ng tr\u00ean l\u0129nh v\u1ef1c th\u00ed nghi\u1ec7m, hi\u1ec7u ch\u1ec9nh thi\u1ebft b\u1ecb \u0111i\u1ec7n, thi\u1ebft k\u1ebf, cung c\u1ea5p, l\u1eafp r\u00e1p thi\u1ebft b\u1ecb \u0111i\u1ec7n. Ch\u00fang t\u00f4i lu\u00f4n t\u00e2m ni\u1ec7m l\u1ea5y ch\u1ea5t l\u01b0\u1ee3ng d\u1ecbch v\u1ee5 l\u00e0m ti\u00eau ch\u00ed \u0111\u1ec3 ph\u00e1t tri\u1ec3n v\u00e0 ng\u00e0y c\u00e0ng c\u1ea3i thi\u1ec7n h\u01a1n n\u1eefa nh\u1eb1m \u0111\u00e1p \u1ee9ng m\u1ecdi nhu c\u1ea7u k\u1ef9 thu\u1eadt c\u1ee7a kh\u00e1ch h\u00e0ng.<\/p>\n<p>B\u1eb1ng n\u0103ng l\u1ef1c, kinh nghi\u1ec7m s\u1eb5n c\u00f3, v\u1edbi trang thi\u1ebft b\u1ecb \u0111\u1ea7y \u0111\u1ee7, hi\u1ec7n \u0111\u1ea1i, c\u00f9ng s\u1ef1 ph\u1ea5n \u0111\u1ea5u n\u1ed7 l\u1ef1c h\u1ebft m\u00ecnh c\u1ee7a to\u00e0n th\u1ec3 nh\u00e2n vi\u00ean, h\u00e0ng lo\u1ea1t c\u00e1c nh\u00e0 m\u00e1y Th\u1ee7y \u0111i\u1ec7n v\u1eeba v\u00e0 nh\u1ecf, c\u00e1c tr\u1ea1m \u0111i\u1ec7n cho c\u00e1c nh\u00e0 m\u00e1y c\u00f4ng nghi\u1ec7p l\u1ea7n l\u1ef1\u1ee3t \u0111\u01b0\u1ee3c \u0111\u01b0a v\u00e0o v\u1eadn h\u00e0nh an to\u00e0n, \u0111\u1ea3m b\u1ea3o ch\u1ea5t l\u01b0\u1ee3ng v\u00e0 ti\u1ebfn \u0111\u1ed9: th\u1ee7y \u0111i\u1ec7n N\u1eadm Chim 1A 2\u00d75MW, th\u1ee7y \u0111i\u1ec7n Noong Phai 22MW, th\u1ee7y \u0111i\u1ec7n M\u01b0\u1eddng Hum 2\u00d716MW, th\u1ee7y \u0111i\u1ec7n HuaChang 10MW, Tr\u1ea1m 110kV xi m\u0103ng \u0110i\u1ec7n Bi\u00ean, Tr\u1ea1m 110kV xi m\u0103ng Mai S\u01a1n, xi m\u0103ng Xu\u00e2n Th\u00e0nh 2\u00d763MVA, xi m\u0103ng Long S\u01a1n 2\u00d745MVA, tr\u1ea1m bi\u1ebfn \u00e1p 35\/6,3kV c\u1ea5p \u0111i\u1ec7n cho s\u00e2n bay N\u1ed9i B\u00e0i&#8230;.<\/p>\n<p>Ch\u00fang t\u00f4i th\u1ef1c hi\u1ec7n \u0111\u1ea7y \u0111\u1ee7 c\u00e1c lo\u1ea1i h\u00ecnh th\u00ed nghi\u1ec7m l\u00e0 th\u00ed nghi\u1ec7m xu\u1ea5t x\u01b0\u1edfng, th\u00ed nghi\u1ec7m sau l\u1eafp \u0111\u1eb7t, th\u00ed nghi\u1ec7m \u0111\u1ecbnh k\u1ef3 (Factory Test, Acceptance Site Test, Maintainance and routine test). B\u00ean c\u1ea1nh \u0111\u00f3 ch\u00fang t\u00f4i cung c\u1ea5p c\u00e1c d\u1ecbch v\u1ee5 chuy\u00ean gia: t\u01b0 v\u1ea5n, thi\u1ebft k\u1ebf, t\u00ednh to\u00e1n ch\u1ec9nh \u0111\u1ecbnh, \u0111\u00e0o t\u1ea1o k\u1ef9 thu\u1eadt, chuy\u1ec3n giao c\u00f4ng ngh\u1ec7\u2026B\u1eb1ng uy t\u00edn v\u00e0 n\u0103ng l\u1ef1c hi\u1ec7n c\u00f3 c\u1ee7a c\u00f4ng ty ch\u00fang t\u00f4i \u0111\u01b0\u1ee3c ch\u1ecdn l\u00e0 \u0111\u1ed1i t\u00e1c cung c\u1ea5p d\u1ecbch v\u1ee5 l\u00e2u d\u00e0i cho nhi\u1ec1u kh\u00e1ch h\u00e0ng trong n\u01b0\u1edbc v\u00e0 h\u00e3ng l\u1edbn n\u01b0\u1edbc ngo\u00e0i nh\u01b0 LSIS, ANDRITZ, FLOWELL, SCHNEIDER, ABB, SIEMEN\u2026<\/p>\n<p><strong><span style=\"color: #33cc00;\">E<\/span><span style=\"color: #800080;\">TEST<\/span>\u00a0<\/strong>r\u1ea5t mong nh\u1eadn \u0111\u01b0\u1ee3c s\u1ef1 quan t\u00e2m t\u1eeb Qu\u00fd Kh\u00e1ch h\u00e0ng. Ch\u00fang t\u00f4i cam k\u1ebft \u0111em l\u1ea1i s\u1ef1 h\u00e0i l\u00f2ng cho Qu\u00fd Kh\u00e1ch h\u00e0ng khi s\u1eed d\u1ee5ng d\u1ecbch v\u1ee5 c\u1ee7a ch\u00fang t\u00f4i.<\/p>\n<p style=\"text-align: right;\"><strong>\u00a0 \u00a0 \u00a0 \u00a0 \u00a0 \u00a0 \u00a0 \u00a0 \u00a0 \u00a0 \u00a0 \u00a0 \u00a0 \u00a0 \u00a0 \u00a0 \u00a0 \u00a0 \u00a0 \u00a0 \u00a0 \u00a0 \u00a0 \u00a0 \u00a0 \u00a0 \u00a0 \u00a0 \u00a0 \u00a0 \u00a0 \u00a0 \u00a0 \u00a0 \u00a0 \u00a0 \u00a0 \u00a0 \u00a0 \u00a0 \u00a0C\u00d4NG TY CP TH\u00cd NGHI\u1ec6M \u0110I\u1ec6N VI\u1ec6T NAM &#8211;\u00a0<span style=\"color: #33cc00;\">E<\/span><span style=\"color: #800080;\">TEST<\/span><\/strong><\/p>\n<p><img loading=\"lazy\" decoding=\"async\" class=\"alignnone size-full wp-image-583\" src=\"https:\/\/etest.vn\/wp-content\/uploads\/2021\/10\/aboutus.jpg\" alt=\"\" width=\"1600\" height=\"900\" srcset=\"https:\/\/etest.vn\/wp-content\/uploads\/2021\/10\/aboutus.jpg 1600w, https:\/\/etest.vn\/wp-content\/uploads\/2021\/10\/aboutus-711x400.jpg 711w, https:\/\/etest.vn\/wp-content\/uploads\/2021\/10\/aboutus-1400x788.jpg 1400w, https:\/\/etest.vn\/wp-content\/uploads\/2021\/10\/aboutus-768x432.jpg 768w, https:\/\/etest.vn\/wp-content\/uploads\/2021\/10\/aboutus-1536x864.jpg 1536w\" sizes=\"auto, (max-width: 1600px) 100vw, 1600px\" \/><\/p>\n","protected":false},"excerpt":{"rendered":"<p>C\u00f4ng ty c\u1ed5 ph\u1ea7n Th\u00ed Nghi\u1ec7m \u0110i\u1ec7n Vi\u1ec7t Nam &#8211;\u00a0ETEST\u00a0l\u00e0 \u0111\u01a1n v\u1ecb ho\u1ea1t \u0111\u1ed9ng tr\u00ean l\u0129nh v\u1ef1c th\u00ed nghi\u1ec7m, hi\u1ec7u ch\u1ec9nh thi\u1ebft b\u1ecb \u0111i\u1ec7n, thi\u1ebft k\u1ebf, cung c\u1ea5p, l\u1eafp r\u00e1p thi\u1ebft b\u1ecb \u0111i\u1ec7n. Ch\u00fang t\u00f4i lu\u00f4n t\u00e2m ni\u1ec7m l\u1ea5y ch\u1ea5t l\u01b0\u1ee3ng d\u1ecbch v\u1ee5 l\u00e0m ti\u00eau ch\u00ed \u0111\u1ec3 ph\u00e1t tri\u1ec3n v\u00e0 ng\u00e0y c\u00e0ng c\u1ea3i thi\u1ec7n h\u01a1n&#8230;<\/p>\n","protected":false},"author":1,"featured_media":0,"parent":0,"menu_order":0,"comment_status":"closed","ping_status":"closed","template":"","meta":{"footnotes":""},"class_list":["post-706","page","type-page","status-publish","hentry"],"yoast_head":"<!-- This site is optimized with the Yoast SEO plugin v27.2 - https:\/\/yoast.com\/product\/yoast-seo-wordpress\/ -->\n<title>About us - ETEST.,JSC<\/title>\n<meta name=\"robots\" content=\"index, follow, max-snippet:-1, max-image-preview:large, max-video-preview:-1\" \/>\n<link rel=\"canonical\" href=\"https:\/\/etest.vn\/en\/about-us\/\" \/>\n<meta property=\"og:locale\" content=\"en_US\" \/>\n<meta property=\"og:type\" content=\"article\" \/>\n<meta property=\"og:title\" content=\"About us - ETEST.,JSC\" \/>\n<meta property=\"og:description\" content=\"C\u00f4ng ty c\u1ed5 ph\u1ea7n Th\u00ed Nghi\u1ec7m \u0110i\u1ec7n Vi\u1ec7t Nam &#8211;\u00a0ETEST\u00a0l\u00e0 \u0111\u01a1n v\u1ecb ho\u1ea1t \u0111\u1ed9ng tr\u00ean l\u0129nh v\u1ef1c th\u00ed nghi\u1ec7m, hi\u1ec7u ch\u1ec9nh thi\u1ebft b\u1ecb \u0111i\u1ec7n, thi\u1ebft k\u1ebf, cung c\u1ea5p, l\u1eafp r\u00e1p thi\u1ebft b\u1ecb \u0111i\u1ec7n. Ch\u00fang t\u00f4i lu\u00f4n t\u00e2m ni\u1ec7m l\u1ea5y ch\u1ea5t l\u01b0\u1ee3ng d\u1ecbch v\u1ee5 l\u00e0m ti\u00eau ch\u00ed \u0111\u1ec3 ph\u00e1t tri\u1ec3n v\u00e0 ng\u00e0y c\u00e0ng c\u1ea3i thi\u1ec7n h\u01a1n...\" \/>\n<meta property=\"og:url\" content=\"https:\/\/etest.vn\/en\/about-us\/\" \/>\n<meta property=\"og:site_name\" content=\"ETEST.,JSC\" \/>\n<meta property=\"article:modified_time\" content=\"2021-10-20T08:24:40+00:00\" \/>\n<meta property=\"og:image\" content=\"https:\/\/etest.vn\/wp-content\/uploads\/2021\/10\/aboutus.jpg\" \/>\n\t<meta property=\"og:image:width\" content=\"1600\" \/>\n\t<meta property=\"og:image:height\" content=\"900\" \/>\n\t<meta property=\"og:image:type\" content=\"image\/jpeg\" \/>\n<meta name=\"twitter:card\" content=\"summary_large_image\" \/>\n<meta name=\"twitter:label1\" content=\"Est. reading time\" \/>\n\t<meta name=\"twitter:data1\" content=\"2 minutes\" \/>\n<script type=\"application\/ld+json\" class=\"yoast-schema-graph\">{\"@context\":\"https:\/\/schema.org\",\"@graph\":[{\"@type\":\"WebPage\",\"@id\":\"https:\/\/etest.vn\/en\/about-us\/\",\"url\":\"https:\/\/etest.vn\/en\/about-us\/\",\"name\":\"About us - ETEST.,JSC\",\"isPartOf\":{\"@id\":\"https:\/\/etest.vn\/#website\"},\"primaryImageOfPage\":{\"@id\":\"https:\/\/etest.vn\/en\/about-us\/#primaryimage\"},\"image\":{\"@id\":\"https:\/\/etest.vn\/en\/about-us\/#primaryimage\"},\"thumbnailUrl\":\"https:\/\/etest.vn\/wp-content\/uploads\/2021\/10\/aboutus.jpg\",\"datePublished\":\"2021-10-16T08:15:12+00:00\",\"dateModified\":\"2021-10-20T08:24:40+00:00\",\"breadcrumb\":{\"@id\":\"https:\/\/etest.vn\/en\/about-us\/#breadcrumb\"},\"inLanguage\":\"en-US\",\"potentialAction\":[{\"@type\":\"ReadAction\",\"target\":[\"https:\/\/etest.vn\/en\/about-us\/\"]}]},{\"@type\":\"ImageObject\",\"inLanguage\":\"en-US\",\"@id\":\"https:\/\/etest.vn\/en\/about-us\/#primaryimage\",\"url\":\"https:\/\/etest.vn\/wp-content\/uploads\/2021\/10\/aboutus.jpg\",\"contentUrl\":\"https:\/\/etest.vn\/wp-content\/uploads\/2021\/10\/aboutus.jpg\"},{\"@type\":\"BreadcrumbList\",\"@id\":\"https:\/\/etest.vn\/en\/about-us\/#breadcrumb\",\"itemListElement\":[{\"@type\":\"ListItem\",\"position\":1,\"name\":\"Trang ch\u1ee7\",\"item\":\"https:\/\/etest.vn\/en\/\"},{\"@type\":\"ListItem\",\"position\":2,\"name\":\"About us\"}]},{\"@type\":\"WebSite\",\"@id\":\"https:\/\/etest.vn\/#website\",\"url\":\"https:\/\/etest.vn\/\",\"name\":\"ETEST.,JSC\",\"description\":\"C\u00d4NG TY C\u1ed4 PH\u1ea6N TH\u00cd NGHI\u1ec6M \u0110I\u1ec6N VI\u1ec6T NAM - ETEST.,JSC \",\"potentialAction\":[{\"@type\":\"SearchAction\",\"target\":{\"@type\":\"EntryPoint\",\"urlTemplate\":\"https:\/\/etest.vn\/?s={search_term_string}\"},\"query-input\":{\"@type\":\"PropertyValueSpecification\",\"valueRequired\":true,\"valueName\":\"search_term_string\"}}],\"inLanguage\":\"en-US\"}]}<\/script>\n<!-- \/ Yoast SEO plugin. -->","yoast_head_json":{"title":"About us - ETEST.,JSC","robots":{"index":"index","follow":"follow","max-snippet":"max-snippet:-1","max-image-preview":"max-image-preview:large","max-video-preview":"max-video-preview:-1"},"canonical":"https:\/\/etest.vn\/en\/about-us\/","og_locale":"en_US","og_type":"article","og_title":"About us - ETEST.,JSC","og_description":"C\u00f4ng ty c\u1ed5 ph\u1ea7n Th\u00ed Nghi\u1ec7m \u0110i\u1ec7n Vi\u1ec7t Nam &#8211;\u00a0ETEST\u00a0l\u00e0 \u0111\u01a1n v\u1ecb ho\u1ea1t \u0111\u1ed9ng tr\u00ean l\u0129nh v\u1ef1c th\u00ed nghi\u1ec7m, hi\u1ec7u ch\u1ec9nh thi\u1ebft b\u1ecb \u0111i\u1ec7n, thi\u1ebft k\u1ebf, cung c\u1ea5p, l\u1eafp r\u00e1p thi\u1ebft b\u1ecb \u0111i\u1ec7n. Ch\u00fang t\u00f4i lu\u00f4n t\u00e2m ni\u1ec7m l\u1ea5y ch\u1ea5t l\u01b0\u1ee3ng d\u1ecbch v\u1ee5 l\u00e0m ti\u00eau ch\u00ed \u0111\u1ec3 ph\u00e1t tri\u1ec3n v\u00e0 ng\u00e0y c\u00e0ng c\u1ea3i thi\u1ec7n h\u01a1n...","og_url":"https:\/\/etest.vn\/en\/about-us\/","og_site_name":"ETEST.,JSC","article_modified_time":"2021-10-20T08:24:40+00:00","og_image":[{"width":1600,"height":900,"url":"https:\/\/etest.vn\/wp-content\/uploads\/2021\/10\/aboutus.jpg","type":"image\/jpeg"}],"twitter_card":"summary_large_image","twitter_misc":{"Est. reading time":"2 minutes"},"schema":{"@context":"https:\/\/schema.org","@graph":[{"@type":"WebPage","@id":"https:\/\/etest.vn\/en\/about-us\/","url":"https:\/\/etest.vn\/en\/about-us\/","name":"About us - ETEST.,JSC","isPartOf":{"@id":"https:\/\/etest.vn\/#website"},"primaryImageOfPage":{"@id":"https:\/\/etest.vn\/en\/about-us\/#primaryimage"},"image":{"@id":"https:\/\/etest.vn\/en\/about-us\/#primaryimage"},"thumbnailUrl":"https:\/\/etest.vn\/wp-content\/uploads\/2021\/10\/aboutus.jpg","datePublished":"2021-10-16T08:15:12+00:00","dateModified":"2021-10-20T08:24:40+00:00","breadcrumb":{"@id":"https:\/\/etest.vn\/en\/about-us\/#breadcrumb"},"inLanguage":"en-US","potentialAction":[{"@type":"ReadAction","target":["https:\/\/etest.vn\/en\/about-us\/"]}]},{"@type":"ImageObject","inLanguage":"en-US","@id":"https:\/\/etest.vn\/en\/about-us\/#primaryimage","url":"https:\/\/etest.vn\/wp-content\/uploads\/2021\/10\/aboutus.jpg","contentUrl":"https:\/\/etest.vn\/wp-content\/uploads\/2021\/10\/aboutus.jpg"},{"@type":"BreadcrumbList","@id":"https:\/\/etest.vn\/en\/about-us\/#breadcrumb","itemListElement":[{"@type":"ListItem","position":1,"name":"Trang ch\u1ee7","item":"https:\/\/etest.vn\/en\/"},{"@type":"ListItem","position":2,"name":"About us"}]},{"@type":"WebSite","@id":"https:\/\/etest.vn\/#website","url":"https:\/\/etest.vn\/","name":"ETEST.,JSC","description":"C\u00d4NG TY C\u1ed4 PH\u1ea6N TH\u00cd NGHI\u1ec6M \u0110I\u1ec6N VI\u1ec6T NAM - ETEST.,JSC ","potentialAction":[{"@type":"SearchAction","target":{"@type":"EntryPoint","urlTemplate":"https:\/\/etest.vn\/?s={search_term_string}"},"query-input":{"@type":"PropertyValueSpecification","valueRequired":true,"valueName":"search_term_string"}}],"inLanguage":"en-US"}]}},"_links":{"self":[{"href":"https:\/\/etest.vn\/en\/wp-json\/wp\/v2\/pages\/706","targetHints":{"allow":["GET"]}}],"collection":[{"href":"https:\/\/etest.vn\/en\/wp-json\/wp\/v2\/pages"}],"about":[{"href":"https:\/\/etest.vn\/en\/wp-json\/wp\/v2\/types\/page"}],"author":[{"embeddable":true,"href":"https:\/\/etest.vn\/en\/wp-json\/wp\/v2\/users\/1"}],"replies":[{"embeddable":true,"href":"https:\/\/etest.vn\/en\/wp-json\/wp\/v2\/comments?post=706"}],"version-history":[{"count":2,"href":"https:\/\/etest.vn\/en\/wp-json\/wp\/v2\/pages\/706\/revisions"}],"predecessor-version":[{"id":711,"href":"https:\/\/etest.vn\/en\/wp-json\/wp\/v2\/pages\/706\/revisions\/711"}],"wp:attachment":[{"href":"https:\/\/etest.vn\/en\/wp-json\/wp\/v2\/media?parent=706"}],"curies":[{"name":"wp","href":"https:\/\/api.w.org\/{rel}","templated":true}]}}