{"id":709,"date":"2021-10-16T15:17:21","date_gmt":"2021-10-16T08:17:21","guid":{"rendered":"http:\/\/32555.lamdx.vinawebsite.vn\/tuyen-dung\/"},"modified":"2021-10-20T15:25:35","modified_gmt":"2021-10-20T08:25:35","slug":"recruitment","status":"publish","type":"page","link":"https:\/\/etest.vn\/en\/recruitment\/","title":{"rendered":"Recruitment"},"content":{"rendered":"<p><strong>TUY\u1ec2N D\u1ee4NG\u00a005 K\u1ef8 S\u01af H\u1ec6 TH\u1ed0NG \u0110I\u1ec6N &#8211; THI\u1ebeT B\u1eca \u0110I\u1ec6N\u200b<\/strong><\/p>\n<p><u><strong>M\u00f4 t\u1ea3 c\u00f4ng vi\u1ec7c<\/strong><\/u><\/p>\n<p>&#8211; Th\u1ef1c hi\u1ec7n c\u00e1c c\u00f4ng vi\u1ec7c th\u00ed nghi\u1ec7m, b\u1ea3o tr\u00ec h\u1ec7 th\u1ed1ng \u0111i\u1ec7n : tr\u1ea1m \u0111i\u1ec7n, nh\u00e0 m\u00e1y \u0111i\u1ec7n<br \/>\n&#8211; Tr\u00ean kh\u1ed1i l\u01b0\u1ee3ng c\u00f4ng vi\u1ec7c \u0111\u01b0\u1ee3c giao, l\u00e2p k\u1ebf ho\u1ea1ch, ph\u01b0\u01a1ng \u00e1n, th\u1ef1c hi\u1ec7n th\u00ed nghi\u1ec7m, b\u1ea3o tr\u00ec h\u1ec7 th\u1ed1ng \u0111i\u1ec7n<br \/>\n&#8211; Ho\u00e0n th\u00e0nh b\u00e1o c\u00e1o, h\u1ec7 th\u1ed1ng bi\u00ean b\u1ea3n cho d\u1ef1 \u00e1n<br \/>\n&#8211; Hi\u1ec7u ch\u1ec9nh, t\u01b0 v\u1ea5n ph\u01b0\u01a1ng \u00e1n, th\u00f4ng s\u1ed1 h\u1ecdat \u0111\u1ed9ng t\u1ed1t nh\u1ea5t cho h\u1ec7 th\u1ed1ng \u0111i\u1ec7n c\u1ee7a kh\u00e1ch h\u00e0ng<br \/>\n&#8211; Ti\u1ebfn h\u00e0nh c\u00e1c c\u00f4ng vi\u1ec7c c\u00f3 li\u00ean quan \u0111\u1ebfn vi\u1ec7c b\u1ea3o d\u01b0\u1ee1ng trang thi\u1ebft b\u1ecb m\u00e1y theo k\u1ebf ho\u1ea1ch<br \/>\n&#8211; Th\u1ef1c hi\u1ec7n c\u00e1c c\u00f4ng vi\u1ec7c do ng\u01b0\u1eddi qu\u1ea3n l\u00fd tr\u1ef1c ti\u1ebfp giao vi\u1ec7c<\/p>\n<p><u><strong>Y\u00eau c\u1ea7u\u00a0<\/strong><\/u><\/p>\n<p>&#8211; T\u1ed1t nghi\u1ec7p \u0110\u1ea1i h\u1ecdc chuy\u00ean ng\u00e0nh \u0110i\u1ec7n \u0111\u1ea1i h\u1ecdc B\u00e1ch Khoa, c\u00e1c\u00a0\u0111\u1ea1i h\u1ecdc chuy\u00ean ngh\u00e0nh \u0111i\u1ec7n<br \/>\n&#8211; \u01afu ti\u00ean c\u00e1c \u1ee9ng vi\u00ean c\u00f3 kinh nghi\u1ec7m trong vi\u1ec7c b\u1ea3o tr\u00ec, b\u1ea3o d\u01b0\u1ee1ng m\u00e1y c\u01a1 kh\u00ed ho\u1eb7c t\u1ea1i v\u1ecb tr\u00ed t\u01b0\u01a1ng \u0111\u01b0\u01a1ng t\u1eeb 1 n\u0103m tr\u1edf l\u00ean<br \/>\n&#8211; \u0110\u1ecdc hi\u1ec3u\u00a0ti\u1ebfng Anh k\u1ef9 thu\u1eadt kh\u00e1, th\u00e0nh th\u1ea1o vi t\u00ednh v\u0103n ph\u00f2ng<br \/>\n&#8211; Nhanh nh\u1eb9n, ch\u0103m ch\u1ec9, nhi\u1ec7t t\u00ecnh, c\u00f3 tr\u00e1ch nhi\u1ec7m, ch\u1ecbu \u0111\u01b0\u1ee3c \u00e1p l\u1ef1c cao trong c\u00f4ng vi\u1ec7c<\/p>\n<p><u><strong>Quy\u1ec1n l\u1ee3i<\/strong><\/u><\/p>\n<p>&#8211; L\u01b0\u01a1ng th\u1ecfa thu\u1eadn theo n\u0103ng l\u1ef1c.<br \/>\n&#8211; \u0110\u00e1nh gi\u00e1 t\u0103ng l\u01b0\u01a1ng \u0111\u1ecbnh k\u1ef3: 01 l\u1ea7n\/n\u0103m; th\u01b0\u1edfng theo th\u00e1ng<br \/>\n&#8211; Ngo\u1ea1i l\u1ec7: Th\u01b0\u1edfng n\u00f3ng, t\u0103ng l\u01b0\u01a1ng phi \u0111\u1ecbnh k\u1ef3 n\u1ebfu th\u1ec3 hi\u1ec7n nhanh n\u0103ng l\u1ef1c ho\u1eb7c \u0111\u01b0\u1ee3c quy ho\u1ea1ch c\u00e1n b\u1ed9 ngu\u1ed3n.<br \/>\n&#8211; Th\u01b0\u1edfng theo n\u0103ng l\u1ef1c, hi\u1ec7u qu\u1ea3 t\u1eebng d\u1ef1 \u00e1n &amp; c\u00e1c ch\u1ebf \u0111\u1ed9 th\u01b0\u1edfng ri\u00eang c\u1ee7a Ban, Ph\u00f2ng, C\u00f4ng ty<br \/>\n&#8211; Theo Lu\u1eadt lao \u0111\u1ed9ng v\u00e0 theo Quy ch\u1ebf c\u1ee7a c\u00f4ng ty (BHXH, BHYT, Ngh\u1ec9 ph\u00e9p, Ngh\u1ec9 m\u00e1t, v.v&#8230;)<br \/>\n&#8211; \u0110\u01b0\u1ee3c \u0111\u00e0o t\u1ea1o \u0111\u1ec3 n\u00e2ng cao k\u1ef9 n\u0103ng-nghi\u1ec7p v\u1ee5 &amp; tr\u00ecnh \u0111\u1ed9 chuy\u00ean m\u00f4n<br \/>\n&#8211; \u0110\u01b0\u1ee3c l\u00e0m vi\u1ec7c trong m\u00f4i tr\u01b0\u1eddng hi\u1ec7n \u0111\u1ea1i, n\u0103ng \u0111\u1ed9ng, v\u0103n minh, c\u00f3 nhi\u1ec1u c\u01a1 h\u1ed9i ph\u00e1t tri\u1ec3n b\u1ea3n th\u00e2n v\u00e0 ngh\u1ec1 nghi\u1ec7p;<\/p>\n","protected":false},"excerpt":{"rendered":"<p>TUY\u1ec2N D\u1ee4NG\u00a005 K\u1ef8 S\u01af H\u1ec6 TH\u1ed0NG \u0110I\u1ec6N &#8211; THI\u1ebeT B\u1eca \u0110I\u1ec6N\u200b M\u00f4 t\u1ea3 c\u00f4ng vi\u1ec7c &#8211; Th\u1ef1c hi\u1ec7n c\u00e1c c\u00f4ng vi\u1ec7c th\u00ed nghi\u1ec7m, b\u1ea3o tr\u00ec h\u1ec7 th\u1ed1ng \u0111i\u1ec7n : tr\u1ea1m \u0111i\u1ec7n, nh\u00e0 m\u00e1y \u0111i\u1ec7n &#8211; Tr\u00ean kh\u1ed1i l\u01b0\u1ee3ng c\u00f4ng vi\u1ec7c \u0111\u01b0\u1ee3c giao, l\u00e2p k\u1ebf ho\u1ea1ch, ph\u01b0\u01a1ng \u00e1n, th\u1ef1c hi\u1ec7n th\u00ed nghi\u1ec7m, b\u1ea3o tr\u00ec h\u1ec7 th\u1ed1ng&#8230;<\/p>\n","protected":false},"author":1,"featured_media":0,"parent":0,"menu_order":0,"comment_status":"closed","ping_status":"closed","template":"","meta":{"footnotes":""},"class_list":["post-709","page","type-page","status-publish","hentry"],"yoast_head":"<!-- This site is optimized with the Yoast SEO plugin v27.2 - https:\/\/yoast.com\/product\/yoast-seo-wordpress\/ -->\n<title>Recruitment - ETEST.,JSC<\/title>\n<meta name=\"robots\" content=\"index, follow, max-snippet:-1, max-image-preview:large, max-video-preview:-1\" \/>\n<link rel=\"canonical\" href=\"https:\/\/etest.vn\/en\/recruitment\/\" \/>\n<meta property=\"og:locale\" content=\"en_US\" \/>\n<meta property=\"og:type\" content=\"article\" \/>\n<meta property=\"og:title\" content=\"Recruitment - ETEST.,JSC\" \/>\n<meta property=\"og:description\" content=\"TUY\u1ec2N D\u1ee4NG\u00a005 K\u1ef8 S\u01af H\u1ec6 TH\u1ed0NG \u0110I\u1ec6N &#8211; THI\u1ebeT B\u1eca \u0110I\u1ec6N\u200b M\u00f4 t\u1ea3 c\u00f4ng vi\u1ec7c &#8211; Th\u1ef1c hi\u1ec7n c\u00e1c c\u00f4ng vi\u1ec7c th\u00ed nghi\u1ec7m, b\u1ea3o tr\u00ec h\u1ec7 th\u1ed1ng \u0111i\u1ec7n : tr\u1ea1m \u0111i\u1ec7n, nh\u00e0 m\u00e1y \u0111i\u1ec7n &#8211; Tr\u00ean kh\u1ed1i l\u01b0\u1ee3ng c\u00f4ng vi\u1ec7c \u0111\u01b0\u1ee3c giao, l\u00e2p k\u1ebf ho\u1ea1ch, ph\u01b0\u01a1ng \u00e1n, th\u1ef1c hi\u1ec7n th\u00ed nghi\u1ec7m, b\u1ea3o tr\u00ec h\u1ec7 th\u1ed1ng...\" \/>\n<meta property=\"og:url\" content=\"https:\/\/etest.vn\/en\/recruitment\/\" \/>\n<meta property=\"og:site_name\" content=\"ETEST.,JSC\" \/>\n<meta property=\"article:modified_time\" content=\"2021-10-20T08:25:35+00:00\" \/>\n<meta name=\"twitter:card\" content=\"summary_large_image\" \/>\n<meta name=\"twitter:label1\" content=\"Est. reading time\" \/>\n\t<meta name=\"twitter:data1\" content=\"2 minutes\" \/>\n<script type=\"application\/ld+json\" class=\"yoast-schema-graph\">{\"@context\":\"https:\/\/schema.org\",\"@graph\":[{\"@type\":\"WebPage\",\"@id\":\"https:\/\/etest.vn\/en\/recruitment\/\",\"url\":\"https:\/\/etest.vn\/en\/recruitment\/\",\"name\":\"Recruitment - ETEST.,JSC\",\"isPartOf\":{\"@id\":\"https:\/\/etest.vn\/#website\"},\"datePublished\":\"2021-10-16T08:17:21+00:00\",\"dateModified\":\"2021-10-20T08:25:35+00:00\",\"breadcrumb\":{\"@id\":\"https:\/\/etest.vn\/en\/recruitment\/#breadcrumb\"},\"inLanguage\":\"en-US\",\"potentialAction\":[{\"@type\":\"ReadAction\",\"target\":[\"https:\/\/etest.vn\/en\/recruitment\/\"]}]},{\"@type\":\"BreadcrumbList\",\"@id\":\"https:\/\/etest.vn\/en\/recruitment\/#breadcrumb\",\"itemListElement\":[{\"@type\":\"ListItem\",\"position\":1,\"name\":\"Trang ch\u1ee7\",\"item\":\"https:\/\/etest.vn\/en\/\"},{\"@type\":\"ListItem\",\"position\":2,\"name\":\"Recruitment\"}]},{\"@type\":\"WebSite\",\"@id\":\"https:\/\/etest.vn\/#website\",\"url\":\"https:\/\/etest.vn\/\",\"name\":\"ETEST.,JSC\",\"description\":\"C\u00d4NG TY C\u1ed4 PH\u1ea6N TH\u00cd NGHI\u1ec6M \u0110I\u1ec6N VI\u1ec6T NAM - ETEST.,JSC \",\"potentialAction\":[{\"@type\":\"SearchAction\",\"target\":{\"@type\":\"EntryPoint\",\"urlTemplate\":\"https:\/\/etest.vn\/?s={search_term_string}\"},\"query-input\":{\"@type\":\"PropertyValueSpecification\",\"valueRequired\":true,\"valueName\":\"search_term_string\"}}],\"inLanguage\":\"en-US\"}]}<\/script>\n<!-- \/ Yoast SEO plugin. -->","yoast_head_json":{"title":"Recruitment - ETEST.,JSC","robots":{"index":"index","follow":"follow","max-snippet":"max-snippet:-1","max-image-preview":"max-image-preview:large","max-video-preview":"max-video-preview:-1"},"canonical":"https:\/\/etest.vn\/en\/recruitment\/","og_locale":"en_US","og_type":"article","og_title":"Recruitment - ETEST.,JSC","og_description":"TUY\u1ec2N D\u1ee4NG\u00a005 K\u1ef8 S\u01af H\u1ec6 TH\u1ed0NG \u0110I\u1ec6N &#8211; THI\u1ebeT B\u1eca \u0110I\u1ec6N\u200b M\u00f4 t\u1ea3 c\u00f4ng vi\u1ec7c &#8211; Th\u1ef1c hi\u1ec7n c\u00e1c c\u00f4ng vi\u1ec7c th\u00ed nghi\u1ec7m, b\u1ea3o tr\u00ec h\u1ec7 th\u1ed1ng \u0111i\u1ec7n : tr\u1ea1m \u0111i\u1ec7n, nh\u00e0 m\u00e1y \u0111i\u1ec7n &#8211; Tr\u00ean kh\u1ed1i l\u01b0\u1ee3ng c\u00f4ng vi\u1ec7c \u0111\u01b0\u1ee3c giao, l\u00e2p k\u1ebf ho\u1ea1ch, ph\u01b0\u01a1ng \u00e1n, th\u1ef1c hi\u1ec7n th\u00ed nghi\u1ec7m, b\u1ea3o tr\u00ec h\u1ec7 th\u1ed1ng...","og_url":"https:\/\/etest.vn\/en\/recruitment\/","og_site_name":"ETEST.,JSC","article_modified_time":"2021-10-20T08:25:35+00:00","twitter_card":"summary_large_image","twitter_misc":{"Est. reading time":"2 minutes"},"schema":{"@context":"https:\/\/schema.org","@graph":[{"@type":"WebPage","@id":"https:\/\/etest.vn\/en\/recruitment\/","url":"https:\/\/etest.vn\/en\/recruitment\/","name":"Recruitment - ETEST.,JSC","isPartOf":{"@id":"https:\/\/etest.vn\/#website"},"datePublished":"2021-10-16T08:17:21+00:00","dateModified":"2021-10-20T08:25:35+00:00","breadcrumb":{"@id":"https:\/\/etest.vn\/en\/recruitment\/#breadcrumb"},"inLanguage":"en-US","potentialAction":[{"@type":"ReadAction","target":["https:\/\/etest.vn\/en\/recruitment\/"]}]},{"@type":"BreadcrumbList","@id":"https:\/\/etest.vn\/en\/recruitment\/#breadcrumb","itemListElement":[{"@type":"ListItem","position":1,"name":"Trang ch\u1ee7","item":"https:\/\/etest.vn\/en\/"},{"@type":"ListItem","position":2,"name":"Recruitment"}]},{"@type":"WebSite","@id":"https:\/\/etest.vn\/#website","url":"https:\/\/etest.vn\/","name":"ETEST.,JSC","description":"C\u00d4NG TY C\u1ed4 PH\u1ea6N TH\u00cd NGHI\u1ec6M \u0110I\u1ec6N VI\u1ec6T NAM - ETEST.,JSC ","potentialAction":[{"@type":"SearchAction","target":{"@type":"EntryPoint","urlTemplate":"https:\/\/etest.vn\/?s={search_term_string}"},"query-input":{"@type":"PropertyValueSpecification","valueRequired":true,"valueName":"search_term_string"}}],"inLanguage":"en-US"}]}},"_links":{"self":[{"href":"https:\/\/etest.vn\/en\/wp-json\/wp\/v2\/pages\/709","targetHints":{"allow":["GET"]}}],"collection":[{"href":"https:\/\/etest.vn\/en\/wp-json\/wp\/v2\/pages"}],"about":[{"href":"https:\/\/etest.vn\/en\/wp-json\/wp\/v2\/types\/page"}],"author":[{"embeddable":true,"href":"https:\/\/etest.vn\/en\/wp-json\/wp\/v2\/users\/1"}],"replies":[{"embeddable":true,"href":"https:\/\/etest.vn\/en\/wp-json\/wp\/v2\/comments?post=709"}],"version-history":[{"count":2,"href":"https:\/\/etest.vn\/en\/wp-json\/wp\/v2\/pages\/709\/revisions"}],"predecessor-version":[{"id":714,"href":"https:\/\/etest.vn\/en\/wp-json\/wp\/v2\/pages\/709\/revisions\/714"}],"wp:attachment":[{"href":"https:\/\/etest.vn\/en\/wp-json\/wp\/v2\/media?parent=709"}],"curies":[{"name":"wp","href":"https:\/\/api.w.org\/{rel}","templated":true}]}}